{"id":28950,"date":"2021-06-14T09:52:36","date_gmt":"2021-06-14T09:52:36","guid":{"rendered":"https:\/\/everbytestudio.com\/kontakt\/"},"modified":"2021-11-04T15:21:20","modified_gmt":"2021-11-04T15:21:20","slug":"kontakt","status":"publish","type":"page","link":"https:\/\/everbytestudio.com\/pl\/kontakt\/","title":{"rendered":"Kontakt"},"content":{"rendered":"<p>[et_pb_section fb_built=&#8221;1&#8243; _builder_version=&#8221;4.9.4&#8243; background_color=&#8221;#202125&#8243; custom_padding=&#8221;100px|0px|0|0px|false|false&#8221;][et_pb_row _builder_version=&#8221;3.25&#8243; custom_padding=&#8221;0|0px|100px|0px|false|false&#8221; animation_style=&#8221;slide&#8221; animation_direction=&#8221;bottom&#8221; animation_duration=&#8221;300ms&#8221; animation_delay=&#8221;400ms&#8221; animation_intensity_slide=&#8221;15%&#8221;][et_pb_column type=&#8221;4_4&#8243; _builder_version=&#8221;3.25&#8243; custom_padding=&#8221;|||&#8221; custom_padding__hover=&#8221;|||&#8221;][et_pb_text _builder_version=&#8221;4.9.4&#8243; text_text_color=&#8221;#bdbdbe&#8221; header_text_color=&#8221;#FFFFFF&#8221; header_2_text_color=&#8221;#FFFFFF&#8221;]<\/p>\n<h1><strong>Wy\u015blij nam wiadomo\u015b\u0107!<\/strong><\/h1>\n<p>[\/et_pb_text][et_pb_text _builder_version=&#8221;4.9.4&#8243; _module_preset=&#8221;default&#8221; text_text_color=&#8221;#bdbdbe&#8221;]<\/p>\n<p>Je\u015bli masz pytanie lub potrzebujesz pomocy dotycz\u0105cej Duskwood, najpierw odwied\u017a nasz\u0105 <a href=\"https:\/\/everbytestudio.com\/pl\/wsparcie-i-czesto-zadawane-pytania-faq\/\">sekcj\u0119 pomocy Duskwood<\/a>. Znajduj\u0105 si\u0119 tam informacje na temat wszystkich najcz\u0119\u015bciej zadawanych pyta\u0144, w tym nadej\u015bcia kolejnego odcinka, stanu gry czy temat\u00f3w zwi\u0105zanych z p\u0142atno\u015bciami.<\/p>\n<p><em>Nale\u017cy pami\u0119ta\u0107, \u017ce ze wzgl\u0119du na du\u017cy ruch obecnie nie mo\u017cemy odpowiada\u0107 na maile, kt\u00f3re s\u0105 ju\u017c obj\u0119te <a href=\"https:\/\/everbytestudio.com\/pl\/wsparcie-i-czesto-zadawane-pytania-faq\/\">sekcj\u0105 wsparcia<\/a>.<\/em><\/p>\n<p>[\/et_pb_text][et_pb_contact_form email=&#8221;support@everbytestudio.com&#8221; module_id=&#8221;et_pb_contact_form_0&#8243; _builder_version=&#8221;4.9.6&#8243; captcha_text_color=&#8221;#bdbdbe&#8221; hover_enabled=&#8221;0&#8243; sticky_enabled=&#8221;0&#8243;][et_pb_contact_field field_id=&#8221;Name&#8221; field_title=&#8221;Nazwa&#8221; _builder_version=&#8221;3.16&#8243; button_text_size__hover_enabled=&#8221;off&#8221; button_one_text_size__hover_enabled=&#8221;off&#8221; button_two_text_size__hover_enabled=&#8221;off&#8221; button_text_color__hover_enabled=&#8221;off&#8221; button_one_text_color__hover_enabled=&#8221;off&#8221; button_two_text_color__hover_enabled=&#8221;off&#8221; button_border_width__hover_enabled=&#8221;off&#8221; button_one_border_width__hover_enabled=&#8221;off&#8221; button_two_border_width__hover_enabled=&#8221;off&#8221; button_border_color__hover_enabled=&#8221;off&#8221; button_one_border_color__hover_enabled=&#8221;off&#8221; button_two_border_color__hover_enabled=&#8221;off&#8221; button_border_radius__hover_enabled=&#8221;off&#8221; button_one_border_radius__hover_enabled=&#8221;off&#8221; button_two_border_radius__hover_enabled=&#8221;off&#8221; button_letter_spacing__hover_enabled=&#8221;off&#8221; button_one_letter_spacing__hover_enabled=&#8221;off&#8221; button_two_letter_spacing__hover_enabled=&#8221;off&#8221; button_bg_color__hover_enabled=&#8221;off&#8221; button_one_bg_color__hover_enabled=&#8221;off&#8221; button_two_bg_color__hover_enabled=&#8221;off&#8221;][\/et_pb_contact_field][et_pb_contact_field field_id=&#8221;Email&#8221; field_title=&#8221;Adres e-mail&#8221; field_type=&#8221;email&#8221; _builder_version=&#8221;3.16&#8243; button_text_size__hover_enabled=&#8221;off&#8221; button_one_text_size__hover_enabled=&#8221;off&#8221; button_two_text_size__hover_enabled=&#8221;off&#8221; button_text_color__hover_enabled=&#8221;off&#8221; button_one_text_color__hover_enabled=&#8221;off&#8221; button_two_text_color__hover_enabled=&#8221;off&#8221; button_border_width__hover_enabled=&#8221;off&#8221; button_one_border_width__hover_enabled=&#8221;off&#8221; button_two_border_width__hover_enabled=&#8221;off&#8221; button_border_color__hover_enabled=&#8221;off&#8221; button_one_border_color__hover_enabled=&#8221;off&#8221; button_two_border_color__hover_enabled=&#8221;off&#8221; button_border_radius__hover_enabled=&#8221;off&#8221; button_one_border_radius__hover_enabled=&#8221;off&#8221; button_two_border_radius__hover_enabled=&#8221;off&#8221; button_letter_spacing__hover_enabled=&#8221;off&#8221; button_one_letter_spacing__hover_enabled=&#8221;off&#8221; button_two_letter_spacing__hover_enabled=&#8221;off&#8221; button_bg_color__hover_enabled=&#8221;off&#8221; button_one_bg_color__hover_enabled=&#8221;off&#8221; button_two_bg_color__hover_enabled=&#8221;off&#8221;][\/et_pb_contact_field][et_pb_contact_field field_id=&#8221;Message&#8221; field_title=&#8221;Wiadomo\u015b\u0107&#8221; field_type=&#8221;text&#8221; fullwidth_field=&#8221;on&#8221; _builder_version=&#8221;3.16&#8243; button_text_size__hover_enabled=&#8221;off&#8221; button_one_text_size__hover_enabled=&#8221;off&#8221; button_two_text_size__hover_enabled=&#8221;off&#8221; button_text_color__hover_enabled=&#8221;off&#8221; button_one_text_color__hover_enabled=&#8221;off&#8221; button_two_text_color__hover_enabled=&#8221;off&#8221; button_border_width__hover_enabled=&#8221;off&#8221; button_one_border_width__hover_enabled=&#8221;off&#8221; button_two_border_width__hover_enabled=&#8221;off&#8221; button_border_color__hover_enabled=&#8221;off&#8221; button_one_border_color__hover_enabled=&#8221;off&#8221; button_two_border_color__hover_enabled=&#8221;off&#8221; button_border_radius__hover_enabled=&#8221;off&#8221; button_one_border_radius__hover_enabled=&#8221;off&#8221; button_two_border_radius__hover_enabled=&#8221;off&#8221; button_letter_spacing__hover_enabled=&#8221;off&#8221; button_one_letter_spacing__hover_enabled=&#8221;off&#8221; button_two_letter_spacing__hover_enabled=&#8221;off&#8221; button_bg_color__hover_enabled=&#8221;off&#8221; button_one_bg_color__hover_enabled=&#8221;off&#8221; button_two_bg_color__hover_enabled=&#8221;off&#8221;][\/et_pb_contact_field][\/et_pb_contact_form][\/et_pb_column][\/et_pb_row][\/et_pb_section]<\/p>\n","protected":false},"excerpt":{"rendered":"<p>Wy\u015blij nam wiadomo\u015b\u0107!Je\u015bli masz pytanie lub potrzebujesz pomocy dotycz\u0105cej Duskwood, najpierw odwied\u017a nasz\u0105 sekcj\u0119 pomocy Duskwood. Znajduj\u0105 si\u0119 tam informacje na temat wszystkich najcz\u0119\u015bciej zadawanych pyta\u0144, w tym nadej\u015bcia kolejnego odcinka, stanu gry czy temat\u00f3w zwi\u0105zanych z p\u0142atno\u015bciami. Nale\u017cy pami\u0119ta\u0107, \u017ce ze wzgl\u0119du na du\u017cy ruch obecnie nie mo\u017cemy odpowiada\u0107 na maile, kt\u00f3re s\u0105 ju\u017c [&hellip;]<\/p>\n","protected":false},"author":1,"featured_media":0,"parent":0,"menu_order":0,"comment_status":"closed","ping_status":"closed","template":"","meta":{"_et_pb_use_builder":"on","_et_pb_old_content":"","_et_gb_content_width":"","footnotes":""},"class_list":["post-28950","page","type-page","status-publish","hentry"],"yoast_head":"<!-- This site is optimized with the Yoast SEO plugin v25.3 - https:\/\/yoast.com\/wordpress\/plugins\/seo\/ -->\n<title>Kontakt - Everbyte<\/title>\n<meta name=\"robots\" content=\"index, follow, max-snippet:-1, max-image-preview:large, max-video-preview:-1\" \/>\n<link rel=\"canonical\" href=\"https:\/\/everbytestudio.com\/pl\/kontakt\/\" \/>\n<meta property=\"og:locale\" content=\"pl_PL\" \/>\n<meta property=\"og:type\" content=\"article\" \/>\n<meta property=\"og:title\" content=\"Kontakt - Everbyte\" \/>\n<meta property=\"og:description\" content=\"Wy\u015blij nam wiadomo\u015b\u0107!Je\u015bli masz pytanie lub potrzebujesz pomocy dotycz\u0105cej Duskwood, najpierw odwied\u017a nasz\u0105 sekcj\u0119 pomocy Duskwood. Znajduj\u0105 si\u0119 tam informacje na temat wszystkich najcz\u0119\u015bciej zadawanych pyta\u0144, w tym nadej\u015bcia kolejnego odcinka, stanu gry czy temat\u00f3w zwi\u0105zanych z p\u0142atno\u015bciami. Nale\u017cy pami\u0119ta\u0107, \u017ce ze wzgl\u0119du na du\u017cy ruch obecnie nie mo\u017cemy odpowiada\u0107 na maile, kt\u00f3re s\u0105 ju\u017c [&hellip;]\" \/>\n<meta property=\"og:url\" content=\"https:\/\/everbytestudio.com\/pl\/kontakt\/\" \/>\n<meta property=\"og:site_name\" content=\"Everbyte\" \/>\n<meta property=\"article:publisher\" content=\"https:\/\/www.facebook.com\/EverbyteStudio\" \/>\n<meta property=\"article:modified_time\" content=\"2021-11-04T15:21:20+00:00\" \/>\n<meta name=\"twitter:card\" content=\"summary_large_image\" \/>\n<meta name=\"twitter:site\" content=\"@EverbyteStudio\" \/>\n<meta name=\"twitter:label1\" content=\"Szacowany czas czytania\" \/>\n\t<meta name=\"twitter:data1\" content=\"3 minuty\" \/>\n<script type=\"application\/ld+json\" class=\"yoast-schema-graph\">{\"@context\":\"https:\/\/schema.org\",\"@graph\":[{\"@type\":\"WebPage\",\"@id\":\"https:\/\/everbytestudio.com\/pl\/kontakt\/\",\"url\":\"https:\/\/everbytestudio.com\/pl\/kontakt\/\",\"name\":\"Kontakt - Everbyte\",\"isPartOf\":{\"@id\":\"https:\/\/everbytestudio.com\/pl\/#website\"},\"datePublished\":\"2021-06-14T09:52:36+00:00\",\"dateModified\":\"2021-11-04T15:21:20+00:00\",\"breadcrumb\":{\"@id\":\"https:\/\/everbytestudio.com\/pl\/kontakt\/#breadcrumb\"},\"inLanguage\":\"pl-PL\",\"potentialAction\":[{\"@type\":\"ReadAction\",\"target\":[\"https:\/\/everbytestudio.com\/pl\/kontakt\/\"]}]},{\"@type\":\"BreadcrumbList\",\"@id\":\"https:\/\/everbytestudio.com\/pl\/kontakt\/#breadcrumb\",\"itemListElement\":[{\"@type\":\"ListItem\",\"position\":1,\"name\":\"Home\",\"item\":\"https:\/\/everbytestudio.com\/pl\/\"},{\"@type\":\"ListItem\",\"position\":2,\"name\":\"Kontakt\"}]},{\"@type\":\"WebSite\",\"@id\":\"https:\/\/everbytestudio.com\/pl\/#website\",\"url\":\"https:\/\/everbytestudio.com\/pl\/\",\"name\":\"Everbyte\",\"description\":\"\",\"publisher\":{\"@id\":\"https:\/\/everbytestudio.com\/pl\/#organization\"},\"potentialAction\":[{\"@type\":\"SearchAction\",\"target\":{\"@type\":\"EntryPoint\",\"urlTemplate\":\"https:\/\/everbytestudio.com\/pl\/?s={search_term_string}\"},\"query-input\":{\"@type\":\"PropertyValueSpecification\",\"valueRequired\":true,\"valueName\":\"search_term_string\"}}],\"inLanguage\":\"pl-PL\"},{\"@type\":\"Organization\",\"@id\":\"https:\/\/everbytestudio.com\/pl\/#organization\",\"name\":\"Everbyte\",\"url\":\"https:\/\/everbytestudio.com\/pl\/\",\"logo\":{\"@type\":\"ImageObject\",\"inLanguage\":\"pl-PL\",\"@id\":\"https:\/\/everbytestudio.com\/pl\/#\/schema\/logo\/image\/\",\"url\":\"https:\/\/everbytestudio.com\/wp-content\/uploads\/2018\/11\/EverbyteLogo_Small_White.png\",\"contentUrl\":\"https:\/\/everbytestudio.com\/wp-content\/uploads\/2018\/11\/EverbyteLogo_Small_White.png\",\"width\":426,\"height\":200,\"caption\":\"Everbyte\"},\"image\":{\"@id\":\"https:\/\/everbytestudio.com\/pl\/#\/schema\/logo\/image\/\"},\"sameAs\":[\"https:\/\/www.facebook.com\/EverbyteStudio\",\"https:\/\/x.com\/EverbyteStudio\",\"https:\/\/www.youtube.com\/channel\/UCoJTRMVHvIiJJicMA9fTNGg\"]}]}<\/script>\n<!-- \/ Yoast SEO plugin. -->","yoast_head_json":{"title":"Kontakt - Everbyte","robots":{"index":"index","follow":"follow","max-snippet":"max-snippet:-1","max-image-preview":"max-image-preview:large","max-video-preview":"max-video-preview:-1"},"canonical":"https:\/\/everbytestudio.com\/pl\/kontakt\/","og_locale":"pl_PL","og_type":"article","og_title":"Kontakt - Everbyte","og_description":"Wy\u015blij nam wiadomo\u015b\u0107!Je\u015bli masz pytanie lub potrzebujesz pomocy dotycz\u0105cej Duskwood, najpierw odwied\u017a nasz\u0105 sekcj\u0119 pomocy Duskwood. Znajduj\u0105 si\u0119 tam informacje na temat wszystkich najcz\u0119\u015bciej zadawanych pyta\u0144, w tym nadej\u015bcia kolejnego odcinka, stanu gry czy temat\u00f3w zwi\u0105zanych z p\u0142atno\u015bciami. Nale\u017cy pami\u0119ta\u0107, \u017ce ze wzgl\u0119du na du\u017cy ruch obecnie nie mo\u017cemy odpowiada\u0107 na maile, kt\u00f3re s\u0105 ju\u017c [&hellip;]","og_url":"https:\/\/everbytestudio.com\/pl\/kontakt\/","og_site_name":"Everbyte","article_publisher":"https:\/\/www.facebook.com\/EverbyteStudio","article_modified_time":"2021-11-04T15:21:20+00:00","twitter_card":"summary_large_image","twitter_site":"@EverbyteStudio","twitter_misc":{"Szacowany czas czytania":"3 minuty"},"schema":{"@context":"https:\/\/schema.org","@graph":[{"@type":"WebPage","@id":"https:\/\/everbytestudio.com\/pl\/kontakt\/","url":"https:\/\/everbytestudio.com\/pl\/kontakt\/","name":"Kontakt - Everbyte","isPartOf":{"@id":"https:\/\/everbytestudio.com\/pl\/#website"},"datePublished":"2021-06-14T09:52:36+00:00","dateModified":"2021-11-04T15:21:20+00:00","breadcrumb":{"@id":"https:\/\/everbytestudio.com\/pl\/kontakt\/#breadcrumb"},"inLanguage":"pl-PL","potentialAction":[{"@type":"ReadAction","target":["https:\/\/everbytestudio.com\/pl\/kontakt\/"]}]},{"@type":"BreadcrumbList","@id":"https:\/\/everbytestudio.com\/pl\/kontakt\/#breadcrumb","itemListElement":[{"@type":"ListItem","position":1,"name":"Home","item":"https:\/\/everbytestudio.com\/pl\/"},{"@type":"ListItem","position":2,"name":"Kontakt"}]},{"@type":"WebSite","@id":"https:\/\/everbytestudio.com\/pl\/#website","url":"https:\/\/everbytestudio.com\/pl\/","name":"Everbyte","description":"","publisher":{"@id":"https:\/\/everbytestudio.com\/pl\/#organization"},"potentialAction":[{"@type":"SearchAction","target":{"@type":"EntryPoint","urlTemplate":"https:\/\/everbytestudio.com\/pl\/?s={search_term_string}"},"query-input":{"@type":"PropertyValueSpecification","valueRequired":true,"valueName":"search_term_string"}}],"inLanguage":"pl-PL"},{"@type":"Organization","@id":"https:\/\/everbytestudio.com\/pl\/#organization","name":"Everbyte","url":"https:\/\/everbytestudio.com\/pl\/","logo":{"@type":"ImageObject","inLanguage":"pl-PL","@id":"https:\/\/everbytestudio.com\/pl\/#\/schema\/logo\/image\/","url":"https:\/\/everbytestudio.com\/wp-content\/uploads\/2018\/11\/EverbyteLogo_Small_White.png","contentUrl":"https:\/\/everbytestudio.com\/wp-content\/uploads\/2018\/11\/EverbyteLogo_Small_White.png","width":426,"height":200,"caption":"Everbyte"},"image":{"@id":"https:\/\/everbytestudio.com\/pl\/#\/schema\/logo\/image\/"},"sameAs":["https:\/\/www.facebook.com\/EverbyteStudio","https:\/\/x.com\/EverbyteStudio","https:\/\/www.youtube.com\/channel\/UCoJTRMVHvIiJJicMA9fTNGg"]}]}},"_links":{"self":[{"href":"https:\/\/everbytestudio.com\/pl\/wp-json\/wp\/v2\/pages\/28950","targetHints":{"allow":["GET"]}}],"collection":[{"href":"https:\/\/everbytestudio.com\/pl\/wp-json\/wp\/v2\/pages"}],"about":[{"href":"https:\/\/everbytestudio.com\/pl\/wp-json\/wp\/v2\/types\/page"}],"author":[{"embeddable":true,"href":"https:\/\/everbytestudio.com\/pl\/wp-json\/wp\/v2\/users\/1"}],"replies":[{"embeddable":true,"href":"https:\/\/everbytestudio.com\/pl\/wp-json\/wp\/v2\/comments?post=28950"}],"version-history":[{"count":3,"href":"https:\/\/everbytestudio.com\/pl\/wp-json\/wp\/v2\/pages\/28950\/revisions"}],"predecessor-version":[{"id":29265,"href":"https:\/\/everbytestudio.com\/pl\/wp-json\/wp\/v2\/pages\/28950\/revisions\/29265"}],"wp:attachment":[{"href":"https:\/\/everbytestudio.com\/pl\/wp-json\/wp\/v2\/media?parent=28950"}],"curies":[{"name":"wp","href":"https:\/\/api.w.org\/{rel}","templated":true}]}}