{"id":26631,"date":"2021-05-20T12:19:20","date_gmt":"2021-05-20T12:19:20","guid":{"rendered":"https:\/\/everbytestudio.com\/kontakt\/"},"modified":"2021-11-04T15:18:08","modified_gmt":"2021-11-04T15:18:08","slug":"kontakt","status":"publish","type":"page","link":"https:\/\/everbytestudio.com\/de\/kontakt\/","title":{"rendered":"Kontakt"},"content":{"rendered":"<p>[et_pb_section fb_built=&#8220;1&#8243; _builder_version=&#8220;4.9.4&#8243; background_color=&#8220;#202125&#8243; custom_padding=&#8220;100px|0px|0|0px|false|false&#8220;][et_pb_row _builder_version=&#8220;3.25&#8243; custom_padding=&#8220;0|0px|100px|0px|false|false&#8220; animation_style=&#8220;slide&#8220; animation_direction=&#8220;bottom&#8220; animation_duration=&#8220;300ms&#8220; animation_delay=&#8220;400ms&#8220; animation_intensity_slide=&#8220;15%&#8220;][et_pb_column type=&#8220;4_4&#8243; _builder_version=&#8220;3.25&#8243; custom_padding=&#8220;|||&#8220; custom_padding__hover=&#8220;|||&#8220;][et_pb_text _builder_version=&#8220;4.9.4&#8243; text_text_color=&#8220;#bdbdbe&#8220; header_text_color=&#8220;#FFFFFF&#8220; header_2_text_color=&#8220;#FFFFFF&#8220;]<\/p>\n<h1><b>Schicke uns eine Nachricht<\/b><\/h1>\n<p>[\/et_pb_text][et_pb_text _builder_version=&#8220;4.9.4&#8243; _module_preset=&#8220;default&#8220; text_text_color=&#8220;#bdbdbe&#8220;]<\/p>\n<p><span style=\"font-weight: 400;\">Solltest Du Fragen oder ein Problem bez\u00fcglich Duskwood haben, besuche bitte zun\u00e4chst unsere <\/span><a href=\"https:\/\/everbytestudio.com\/de\/duskwood-support-faq\/\"><span style=\"font-weight: 400;\">Duskwood Support<\/span><\/a><span style=\"font-weight: 400;\"> Seite. Dort findest Du Informationen zu allen h\u00e4ufig gestellten Fragen oder Problemen sowie zur n\u00e4chsten Episode, deinem Spielstand oder dem Zahlungssystem.<\/span><\/p>\n<p><span style=\"font-weight: 400;\"><br \/><\/span><i><span style=\"font-weight: 400;\">Bitte beachte dass wir aufgrund des hohen Supportaufwandes derzeit nur Emails beantworten k\u00f6nnen die nicht von der <\/span><\/i><a href=\"https:\/\/everbytestudio.com\/de\/duskwood-support-faq\/\"><i><span style=\"font-weight: 400;\">Support Seite<\/span><\/i><\/a><i><span style=\"font-weight: 400;\"> abgedeckt sind.<\/span><\/i><\/p>\n<p>[\/et_pb_text][et_pb_contact_form email=&#8220;support@everbytestudio.com&#8220; module_id=&#8220;et_pb_contact_form_0&#8243; _builder_version=&#8220;4.9.6&#8243; captcha_text_color=&#8220;#bdbdbe&#8220; hover_enabled=&#8220;0&#8243; sticky_enabled=&#8220;0&#8243;][et_pb_contact_field field_id=&#8220;Name&#8220; field_title=&#8220;Name&#8220; _builder_version=&#8220;3.16&#8243; button_text_size__hover_enabled=&#8220;off&#8220; button_one_text_size__hover_enabled=&#8220;off&#8220; button_two_text_size__hover_enabled=&#8220;off&#8220; button_text_color__hover_enabled=&#8220;off&#8220; button_one_text_color__hover_enabled=&#8220;off&#8220; button_two_text_color__hover_enabled=&#8220;off&#8220; button_border_width__hover_enabled=&#8220;off&#8220; button_one_border_width__hover_enabled=&#8220;off&#8220; button_two_border_width__hover_enabled=&#8220;off&#8220; button_border_color__hover_enabled=&#8220;off&#8220; button_one_border_color__hover_enabled=&#8220;off&#8220; button_two_border_color__hover_enabled=&#8220;off&#8220; button_border_radius__hover_enabled=&#8220;off&#8220; button_one_border_radius__hover_enabled=&#8220;off&#8220; button_two_border_radius__hover_enabled=&#8220;off&#8220; button_letter_spacing__hover_enabled=&#8220;off&#8220; button_one_letter_spacing__hover_enabled=&#8220;off&#8220; button_two_letter_spacing__hover_enabled=&#8220;off&#8220; button_bg_color__hover_enabled=&#8220;off&#8220; button_one_bg_color__hover_enabled=&#8220;off&#8220; button_two_bg_color__hover_enabled=&#8220;off&#8220;][\/et_pb_contact_field][et_pb_contact_field field_id=&#8220;Email&#8220; field_title=&#8220;Email Adresse&#8220; field_type=&#8220;email&#8220; _builder_version=&#8220;3.16&#8243; button_text_size__hover_enabled=&#8220;off&#8220; button_one_text_size__hover_enabled=&#8220;off&#8220; button_two_text_size__hover_enabled=&#8220;off&#8220; button_text_color__hover_enabled=&#8220;off&#8220; button_one_text_color__hover_enabled=&#8220;off&#8220; button_two_text_color__hover_enabled=&#8220;off&#8220; button_border_width__hover_enabled=&#8220;off&#8220; button_one_border_width__hover_enabled=&#8220;off&#8220; button_two_border_width__hover_enabled=&#8220;off&#8220; button_border_color__hover_enabled=&#8220;off&#8220; button_one_border_color__hover_enabled=&#8220;off&#8220; button_two_border_color__hover_enabled=&#8220;off&#8220; button_border_radius__hover_enabled=&#8220;off&#8220; button_one_border_radius__hover_enabled=&#8220;off&#8220; button_two_border_radius__hover_enabled=&#8220;off&#8220; button_letter_spacing__hover_enabled=&#8220;off&#8220; button_one_letter_spacing__hover_enabled=&#8220;off&#8220; button_two_letter_spacing__hover_enabled=&#8220;off&#8220; button_bg_color__hover_enabled=&#8220;off&#8220; button_one_bg_color__hover_enabled=&#8220;off&#8220; button_two_bg_color__hover_enabled=&#8220;off&#8220;][\/et_pb_contact_field][et_pb_contact_field field_id=&#8220;Message&#8220; field_title=&#8220;Nachricht&#8220; field_type=&#8220;text&#8220; fullwidth_field=&#8220;on&#8220; _builder_version=&#8220;3.16&#8243; button_text_size__hover_enabled=&#8220;off&#8220; button_one_text_size__hover_enabled=&#8220;off&#8220; button_two_text_size__hover_enabled=&#8220;off&#8220; button_text_color__hover_enabled=&#8220;off&#8220; button_one_text_color__hover_enabled=&#8220;off&#8220; button_two_text_color__hover_enabled=&#8220;off&#8220; button_border_width__hover_enabled=&#8220;off&#8220; button_one_border_width__hover_enabled=&#8220;off&#8220; button_two_border_width__hover_enabled=&#8220;off&#8220; button_border_color__hover_enabled=&#8220;off&#8220; button_one_border_color__hover_enabled=&#8220;off&#8220; button_two_border_color__hover_enabled=&#8220;off&#8220; button_border_radius__hover_enabled=&#8220;off&#8220; button_one_border_radius__hover_enabled=&#8220;off&#8220; button_two_border_radius__hover_enabled=&#8220;off&#8220; button_letter_spacing__hover_enabled=&#8220;off&#8220; button_one_letter_spacing__hover_enabled=&#8220;off&#8220; button_two_letter_spacing__hover_enabled=&#8220;off&#8220; button_bg_color__hover_enabled=&#8220;off&#8220; button_one_bg_color__hover_enabled=&#8220;off&#8220; button_two_bg_color__hover_enabled=&#8220;off&#8220;][\/et_pb_contact_field][\/et_pb_contact_form][\/et_pb_column][\/et_pb_row][\/et_pb_section]<\/p>\n","protected":false},"excerpt":{"rendered":"<p>Schicke uns eine NachrichtSolltest Du Fragen oder ein Problem bez\u00fcglich Duskwood haben, besuche bitte zun\u00e4chst unsere Duskwood Support Seite. Dort findest Du Informationen zu allen h\u00e4ufig gestellten Fragen oder Problemen sowie zur n\u00e4chsten Episode, deinem Spielstand oder dem Zahlungssystem. Bitte beachte dass wir aufgrund des hohen Supportaufwandes derzeit nur Emails beantworten k\u00f6nnen die nicht von [&hellip;]<\/p>\n","protected":false},"author":1,"featured_media":0,"parent":0,"menu_order":0,"comment_status":"closed","ping_status":"closed","template":"","meta":{"_et_pb_use_builder":"on","_et_pb_old_content":"","_et_gb_content_width":"","footnotes":""},"class_list":["post-26631","page","type-page","status-publish","hentry"],"yoast_head":"<!-- This site is optimized with the Yoast SEO plugin v25.3 - https:\/\/yoast.com\/wordpress\/plugins\/seo\/ -->\n<title>Kontakt - Everbyte<\/title>\n<meta name=\"robots\" content=\"index, follow, max-snippet:-1, max-image-preview:large, max-video-preview:-1\" \/>\n<link rel=\"canonical\" href=\"https:\/\/everbytestudio.com\/de\/kontakt\/\" \/>\n<meta property=\"og:locale\" content=\"de_DE\" \/>\n<meta property=\"og:type\" content=\"article\" \/>\n<meta property=\"og:title\" content=\"Kontakt - Everbyte\" \/>\n<meta property=\"og:description\" content=\"Schicke uns eine NachrichtSolltest Du Fragen oder ein Problem bez\u00fcglich Duskwood haben, besuche bitte zun\u00e4chst unsere Duskwood Support Seite. Dort findest Du Informationen zu allen h\u00e4ufig gestellten Fragen oder Problemen sowie zur n\u00e4chsten Episode, deinem Spielstand oder dem Zahlungssystem. Bitte beachte dass wir aufgrund des hohen Supportaufwandes derzeit nur Emails beantworten k\u00f6nnen die nicht von [&hellip;]\" \/>\n<meta property=\"og:url\" content=\"https:\/\/everbytestudio.com\/de\/kontakt\/\" \/>\n<meta property=\"og:site_name\" content=\"Everbyte\" \/>\n<meta property=\"article:publisher\" content=\"https:\/\/www.facebook.com\/EverbyteStudio\" \/>\n<meta property=\"article:modified_time\" content=\"2021-11-04T15:18:08+00:00\" \/>\n<meta name=\"twitter:card\" content=\"summary_large_image\" \/>\n<meta name=\"twitter:site\" content=\"@EverbyteStudio\" \/>\n<meta name=\"twitter:label1\" content=\"Gesch\u00e4tzte Lesezeit\" \/>\n\t<meta name=\"twitter:data1\" content=\"3\u00a0Minuten\" \/>\n<script type=\"application\/ld+json\" class=\"yoast-schema-graph\">{\"@context\":\"https:\/\/schema.org\",\"@graph\":[{\"@type\":\"WebPage\",\"@id\":\"https:\/\/everbytestudio.com\/de\/kontakt\/\",\"url\":\"https:\/\/everbytestudio.com\/de\/kontakt\/\",\"name\":\"Kontakt - Everbyte\",\"isPartOf\":{\"@id\":\"https:\/\/everbytestudio.com\/de\/#website\"},\"datePublished\":\"2021-05-20T12:19:20+00:00\",\"dateModified\":\"2021-11-04T15:18:08+00:00\",\"breadcrumb\":{\"@id\":\"https:\/\/everbytestudio.com\/de\/kontakt\/#breadcrumb\"},\"inLanguage\":\"de\",\"potentialAction\":[{\"@type\":\"ReadAction\",\"target\":[\"https:\/\/everbytestudio.com\/de\/kontakt\/\"]}]},{\"@type\":\"BreadcrumbList\",\"@id\":\"https:\/\/everbytestudio.com\/de\/kontakt\/#breadcrumb\",\"itemListElement\":[{\"@type\":\"ListItem\",\"position\":1,\"name\":\"Home\",\"item\":\"https:\/\/everbytestudio.com\/de\/\"},{\"@type\":\"ListItem\",\"position\":2,\"name\":\"Kontakt\"}]},{\"@type\":\"WebSite\",\"@id\":\"https:\/\/everbytestudio.com\/de\/#website\",\"url\":\"https:\/\/everbytestudio.com\/de\/\",\"name\":\"Everbyte\",\"description\":\"\",\"publisher\":{\"@id\":\"https:\/\/everbytestudio.com\/de\/#organization\"},\"potentialAction\":[{\"@type\":\"SearchAction\",\"target\":{\"@type\":\"EntryPoint\",\"urlTemplate\":\"https:\/\/everbytestudio.com\/de\/?s={search_term_string}\"},\"query-input\":{\"@type\":\"PropertyValueSpecification\",\"valueRequired\":true,\"valueName\":\"search_term_string\"}}],\"inLanguage\":\"de\"},{\"@type\":\"Organization\",\"@id\":\"https:\/\/everbytestudio.com\/de\/#organization\",\"name\":\"Everbyte\",\"url\":\"https:\/\/everbytestudio.com\/de\/\",\"logo\":{\"@type\":\"ImageObject\",\"inLanguage\":\"de\",\"@id\":\"https:\/\/everbytestudio.com\/de\/#\/schema\/logo\/image\/\",\"url\":\"https:\/\/everbytestudio.com\/wp-content\/uploads\/2018\/11\/EverbyteLogo_Small_White.png\",\"contentUrl\":\"https:\/\/everbytestudio.com\/wp-content\/uploads\/2018\/11\/EverbyteLogo_Small_White.png\",\"width\":426,\"height\":200,\"caption\":\"Everbyte\"},\"image\":{\"@id\":\"https:\/\/everbytestudio.com\/de\/#\/schema\/logo\/image\/\"},\"sameAs\":[\"https:\/\/www.facebook.com\/EverbyteStudio\",\"https:\/\/x.com\/EverbyteStudio\",\"https:\/\/www.youtube.com\/channel\/UCoJTRMVHvIiJJicMA9fTNGg\"]}]}<\/script>\n<!-- \/ Yoast SEO plugin. -->","yoast_head_json":{"title":"Kontakt - Everbyte","robots":{"index":"index","follow":"follow","max-snippet":"max-snippet:-1","max-image-preview":"max-image-preview:large","max-video-preview":"max-video-preview:-1"},"canonical":"https:\/\/everbytestudio.com\/de\/kontakt\/","og_locale":"de_DE","og_type":"article","og_title":"Kontakt - Everbyte","og_description":"Schicke uns eine NachrichtSolltest Du Fragen oder ein Problem bez\u00fcglich Duskwood haben, besuche bitte zun\u00e4chst unsere Duskwood Support Seite. Dort findest Du Informationen zu allen h\u00e4ufig gestellten Fragen oder Problemen sowie zur n\u00e4chsten Episode, deinem Spielstand oder dem Zahlungssystem. Bitte beachte dass wir aufgrund des hohen Supportaufwandes derzeit nur Emails beantworten k\u00f6nnen die nicht von [&hellip;]","og_url":"https:\/\/everbytestudio.com\/de\/kontakt\/","og_site_name":"Everbyte","article_publisher":"https:\/\/www.facebook.com\/EverbyteStudio","article_modified_time":"2021-11-04T15:18:08+00:00","twitter_card":"summary_large_image","twitter_site":"@EverbyteStudio","twitter_misc":{"Gesch\u00e4tzte Lesezeit":"3\u00a0Minuten"},"schema":{"@context":"https:\/\/schema.org","@graph":[{"@type":"WebPage","@id":"https:\/\/everbytestudio.com\/de\/kontakt\/","url":"https:\/\/everbytestudio.com\/de\/kontakt\/","name":"Kontakt - Everbyte","isPartOf":{"@id":"https:\/\/everbytestudio.com\/de\/#website"},"datePublished":"2021-05-20T12:19:20+00:00","dateModified":"2021-11-04T15:18:08+00:00","breadcrumb":{"@id":"https:\/\/everbytestudio.com\/de\/kontakt\/#breadcrumb"},"inLanguage":"de","potentialAction":[{"@type":"ReadAction","target":["https:\/\/everbytestudio.com\/de\/kontakt\/"]}]},{"@type":"BreadcrumbList","@id":"https:\/\/everbytestudio.com\/de\/kontakt\/#breadcrumb","itemListElement":[{"@type":"ListItem","position":1,"name":"Home","item":"https:\/\/everbytestudio.com\/de\/"},{"@type":"ListItem","position":2,"name":"Kontakt"}]},{"@type":"WebSite","@id":"https:\/\/everbytestudio.com\/de\/#website","url":"https:\/\/everbytestudio.com\/de\/","name":"Everbyte","description":"","publisher":{"@id":"https:\/\/everbytestudio.com\/de\/#organization"},"potentialAction":[{"@type":"SearchAction","target":{"@type":"EntryPoint","urlTemplate":"https:\/\/everbytestudio.com\/de\/?s={search_term_string}"},"query-input":{"@type":"PropertyValueSpecification","valueRequired":true,"valueName":"search_term_string"}}],"inLanguage":"de"},{"@type":"Organization","@id":"https:\/\/everbytestudio.com\/de\/#organization","name":"Everbyte","url":"https:\/\/everbytestudio.com\/de\/","logo":{"@type":"ImageObject","inLanguage":"de","@id":"https:\/\/everbytestudio.com\/de\/#\/schema\/logo\/image\/","url":"https:\/\/everbytestudio.com\/wp-content\/uploads\/2018\/11\/EverbyteLogo_Small_White.png","contentUrl":"https:\/\/everbytestudio.com\/wp-content\/uploads\/2018\/11\/EverbyteLogo_Small_White.png","width":426,"height":200,"caption":"Everbyte"},"image":{"@id":"https:\/\/everbytestudio.com\/de\/#\/schema\/logo\/image\/"},"sameAs":["https:\/\/www.facebook.com\/EverbyteStudio","https:\/\/x.com\/EverbyteStudio","https:\/\/www.youtube.com\/channel\/UCoJTRMVHvIiJJicMA9fTNGg"]}]}},"_links":{"self":[{"href":"https:\/\/everbytestudio.com\/de\/wp-json\/wp\/v2\/pages\/26631","targetHints":{"allow":["GET"]}}],"collection":[{"href":"https:\/\/everbytestudio.com\/de\/wp-json\/wp\/v2\/pages"}],"about":[{"href":"https:\/\/everbytestudio.com\/de\/wp-json\/wp\/v2\/types\/page"}],"author":[{"embeddable":true,"href":"https:\/\/everbytestudio.com\/de\/wp-json\/wp\/v2\/users\/1"}],"replies":[{"embeddable":true,"href":"https:\/\/everbytestudio.com\/de\/wp-json\/wp\/v2\/comments?post=26631"}],"version-history":[{"count":16,"href":"https:\/\/everbytestudio.com\/de\/wp-json\/wp\/v2\/pages\/26631\/revisions"}],"predecessor-version":[{"id":29259,"href":"https:\/\/everbytestudio.com\/de\/wp-json\/wp\/v2\/pages\/26631\/revisions\/29259"}],"wp:attachment":[{"href":"https:\/\/everbytestudio.com\/de\/wp-json\/wp\/v2\/media?parent=26631"}],"curies":[{"name":"wp","href":"https:\/\/api.w.org\/{rel}","templated":true}]}}